{"id":180,"date":"2024-01-08T13:41:19","date_gmt":"2024-01-08T13:41:19","guid":{"rendered":"https:\/\/demosites.royal-elementor-addons.com\/personal-blog-v4\/?page_id=180"},"modified":"2024-01-08T13:41:19","modified_gmt":"2024-01-08T13:41:19","slug":"home-v2","status":"publish","type":"page","link":"https:\/\/coomeet.com.tr\/blog\/home-v2\/","title":{"rendered":"Home V2"},"content":{"rendered":"\t\t<div data-elementor-type=\"wp-page\" data-elementor-id=\"180\" class=\"elementor elementor-180\">\n\t\t\t\t<div class=\"elementor-element elementor-element-572bb5f e-flex e-con-boxed wpr-particle-no wpr-jarallax-no wpr-parallax-no wpr-sticky-section-no e-con e-parent\" data-id=\"572bb5f\" data-element_type=\"container\">\n\t\t\t\t\t<div class=\"e-con-inner\">\n\t\t<div class=\"elementor-element elementor-element-ce5589a e-flex e-con-boxed wpr-particle-no wpr-jarallax-no wpr-parallax-no wpr-sticky-section-no e-con e-child\" data-id=\"ce5589a\" data-element_type=\"container\">\n\t\t\t\t\t<div class=\"e-con-inner\">\n\t\t\t\t<div class=\"elementor-element elementor-element-7848de3 elementor-widget elementor-widget-heading\" data-id=\"7848de3\" data-element_type=\"widget\" data-widget_type=\"heading.default\">\n\t\t\t\t<div class=\"elementor-widget-container\">\n\t\t\t<style>\/*! elementor - v3.23.0 - 05-08-2024 *\/\n.elementor-heading-title{padding:0;margin:0;line-height:1}.elementor-widget-heading .elementor-heading-title[class*=elementor-size-]>a{color:inherit;font-size:inherit;line-height:inherit}.elementor-widget-heading .elementor-heading-title.elementor-size-small{font-size:15px}.elementor-widget-heading .elementor-heading-title.elementor-size-medium{font-size:19px}.elementor-widget-heading .elementor-heading-title.elementor-size-large{font-size:29px}.elementor-widget-heading .elementor-heading-title.elementor-size-xl{font-size:39px}.elementor-widget-heading .elementor-heading-title.elementor-size-xxl{font-size:59px}<\/style><h2 class=\"elementor-heading-title elementor-size-default\">Popular Articles<\/h2>\t\t<\/div>\n\t\t\t\t<\/div>\n\t\t\t\t<div class=\"elementor-element elementor-element-8c7b3ae elementor-widget elementor-widget-text-editor\" data-id=\"8c7b3ae\" data-element_type=\"widget\" data-widget_type=\"text-editor.default\">\n\t\t\t\t<div class=\"elementor-widget-container\">\n\t\t\t<style>\/*! elementor - v3.23.0 - 05-08-2024 *\/\n.elementor-widget-text-editor.elementor-drop-cap-view-stacked .elementor-drop-cap{background-color:#69727d;color:#fff}.elementor-widget-text-editor.elementor-drop-cap-view-framed .elementor-drop-cap{color:#69727d;border:3px solid;background-color:transparent}.elementor-widget-text-editor:not(.elementor-drop-cap-view-default) .elementor-drop-cap{margin-top:8px}.elementor-widget-text-editor:not(.elementor-drop-cap-view-default) .elementor-drop-cap-letter{width:1em;height:1em}.elementor-widget-text-editor .elementor-drop-cap{float:left;text-align:center;line-height:1;font-size:50px}.elementor-widget-text-editor .elementor-drop-cap-letter{display:inline-block}<\/style>\t\t\t\t<p>As a passionate explorer of the intersection between technology, art, and the natural world, I&#8217;ve embarked on a journey to unravel the fascinating connections that weave our world together.<\/p>\t\t\t\t\t\t<\/div>\n\t\t\t\t<\/div>\n\t\t\t\t\t<\/div>\n\t\t\t\t<\/div>\n\t\t\t\t<div class=\"elementor-element elementor-element-8334b0c wpr-grid-columns-3 wpr-grid-columns--tablet2 wpr-grid-columns--laptop3 wpr-grid-columns--mobile1 wpr-grid-pagination-center wpr-item-styles-inner elementor-widget elementor-widget-wpr-grid\" data-id=\"8334b0c\" data-element_type=\"widget\" data-widget_type=\"wpr-grid.default\">\n\t\t\t\t<div class=\"elementor-widget-container\">\n\t\t\t<ul class=\"wpr-grid-filters elementor-clearfix wpr-grid-filters-sep-right\"><li class=\" wpr-pointer-none wpr-pointer-line-fx wpr-pointer-fx-none\"><span data-filter=\"*\" class=\"wpr-active-filter \">All Posts<\/span><em class=\"wpr-grid-filters-sep\"><\/em><\/li><li class=\" wpr-pointer-none wpr-pointer-line-fx wpr-pointer-fx-none\"><span  data-filter=\".category-yardim\">Yard\u0131m<\/span><em class=\"wpr-grid-filters-sep\"><\/em><\/li><\/ul><section class=\"wpr-grid elementor-clearfix\" data-settings=\"{&quot;layout&quot;:&quot;fitRows&quot;,&quot;stick_last_element_to_bottom&quot;:&quot;&quot;,&quot;columns_desktop&quot;:&quot;3&quot;,&quot;gutter_hr&quot;:40,&quot;gutter_hr_mobile&quot;:30,&quot;gutter_hr_mobile_extra&quot;:30,&quot;gutter_hr_tablet&quot;:30,&quot;gutter_hr_tablet_extra&quot;:30,&quot;gutter_hr_laptop&quot;:30,&quot;gutter_hr_widescreen&quot;:40,&quot;gutter_vr&quot;:40,&quot;gutter_vr_mobile&quot;:40,&quot;gutter_vr_mobile_extra&quot;:40,&quot;gutter_vr_tablet&quot;:40,&quot;gutter_vr_tablet_extra&quot;:40,&quot;gutter_vr_laptop&quot;:40,&quot;gutter_vr_widescreen&quot;:40,&quot;animation&quot;:&quot;default&quot;,&quot;animation_duration&quot;:0.2,&quot;animation_delay&quot;:1,&quot;deeplinking&quot;:&quot;&quot;,&quot;filters_linkable&quot;:&quot;no&quot;,&quot;filters_default_filter&quot;:&quot;&quot;,&quot;filters_count&quot;:&quot;&quot;,&quot;filters_hide_empty&quot;:&quot;no&quot;,&quot;filters_animation&quot;:&quot;default&quot;,&quot;filters_animation_duration&quot;:0.3,&quot;filters_animation_delay&quot;:0.1,&quot;pagination_type&quot;:&quot;load-more&quot;,&quot;pagination_max_pages&quot;:1,&quot;lightbox&quot;:{&quot;selector&quot;:&quot;.wpr-grid-image-wrap&quot;,&quot;iframeMaxWidth&quot;:&quot;60%&quot;,&quot;hash&quot;:false,&quot;autoplay&quot;:&quot;true&quot;,&quot;pause&quot;:5000,&quot;progressBar&quot;:&quot;true&quot;,&quot;counter&quot;:&quot;true&quot;,&quot;controls&quot;:&quot;true&quot;,&quot;getCaptionFromTitleOrAlt&quot;:&quot;true&quot;,&quot;thumbnail&quot;:&quot;&quot;,&quot;showThumbByDefault&quot;:&quot;&quot;,&quot;share&quot;:&quot;&quot;,&quot;zoom&quot;:&quot;true&quot;,&quot;fullScreen&quot;:&quot;true&quot;,&quot;download&quot;:&quot;true&quot;}}\"><article class=\"wpr-grid-item elementor-clearfix post-899 post type-post status-publish format-standard has-post-thumbnail hentry category-yardim\"><div class=\"wpr-grid-item-inner\"><div class=\"wpr-grid-media-wrap wpr-blur-in wpr-effect-size-small \" data-overlay-link=\"yes\"><div class=\"wpr-grid-image-wrap\" data-src=\"https:\/\/coomeet.com.tr\/blog\/wp-content\/uploads\/2024\/08\/Coomeet-Premium-Uyeligini-Iptal-Etme.png\" data-img-on-hover=\"\"  data-src-secondary=\"\"><img decoding=\"async\" data-no-lazy=\"1\" src=\"https:\/\/coomeet.com.tr\/blog\/wp-content\/uploads\/2024\/08\/Coomeet-Premium-Uyeligini-Iptal-Etme.png\" alt=\"Premium \u00dcyeli\u011fini \u0130ptal Etme\" class=\"wpr-anim-timing-ease-default\" title=\"\"><\/div><div class=\"wpr-grid-media-hover wpr-animation-wrap\"><div class=\"wpr-grid-media-hover-bg  wpr-overlay-fade-in wpr-anim-size-large wpr-anim-timing-ease-default wpr-anim-transparency\" data-url=\"https:\/\/coomeet.com.tr\/blog\/coomeet-premium-uyeligini-iptal-etme\/\"><\/div><div class=\"wpr-cv-container\"><div class=\"wpr-cv-outer\"><div class=\"wpr-cv-inner\"><div class=\"wpr-grid-media-hover-middle elementor-clearfix\"><div class=\"wpr-grid-item-comments elementor-repeater-item-4c6b081 wpr-grid-item-display-inline wpr-grid-item-align-center wpr-element-fade-in wpr-anim-size-large wpr-anim-timing-ease-default wpr-anim-transparency\"><div class=\"inner-block\"><a href=\"https:\/\/coomeet.com.tr\/blog\/coomeet-premium-uyeligini-iptal-etme\/#respond\"><span class=\"wpr-grid-extra-icon-left\"><svg aria-hidden=\"true\" class=\"e-font-icon-svg e-fas-comments\" viewBox=\"0 0 576 512\" xmlns=\"http:\/\/www.w3.org\/2000\/svg\"><path d=\"M416 192c0-88.4-93.1-160-208-160S0 103.6 0 192c0 34.3 14.1 65.9 38 92-13.4 30.2-35.5 54.2-35.8 54.5-2.2 2.3-2.8 5.7-1.5 8.7S4.8 352 8 352c36.6 0 66.9-12.3 88.7-25 32.2 15.7 70.3 25 111.3 25 114.9 0 208-71.6 208-160zm122 220c23.9-26 38-57.7 38-92 0-66.9-53.5-124.2-129.3-148.1.9 6.6 1.3 13.3 1.3 20.1 0 105.9-107.7 192-240 192-10.8 0-21.3-.8-31.7-1.9C207.8 439.6 281.8 480 368 480c41 0 79.1-9.2 111.3-25 21.8 12.7 52.1 25 88.7 25 3.2 0 6.1-1.9 7.3-4.8 1.3-2.9.7-6.3-1.5-8.7-.3-.3-22.4-24.2-35.8-54.5z\"><\/path><\/svg><\/span><span>No Comments<\/span><\/a><\/div><\/div><\/div><\/div><\/div><\/div><\/div><\/div><div class=\"wpr-grid-item-below-content elementor-clearfix\"><h2 class=\"wpr-grid-item-title elementor-repeater-item-3a17c93 wpr-grid-item-display-block wpr-grid-item-align-left wpr-pointer-none wpr-pointer-line-fx wpr-pointer-fx-fade\"><div class=\"inner-block\"><a target=\"_self\"  href=\"https:\/\/coomeet.com.tr\/blog\/coomeet-premium-uyeligini-iptal-etme\/\">Premium \u00dcyeli\u011fini \u0130ptal Etme<\/a><\/div><\/h2><div class=\"wpr-grid-item-author elementor-repeater-item-7c05650 wpr-grid-item-display-inline wpr-grid-item-align-left\"><div class=\"inner-block\"><span class=\"wpr-grid-extra-text-left\">By <\/span><a href=\"https:\/\/coomeet.com.tr\/blog\/author\/admin\/\"><span>admin<\/span><\/a><\/div><\/div><div class=\"wpr-grid-item-date elementor-repeater-item-0e825a9 wpr-grid-item-display-inline wpr-grid-item-align-left\"><div class=\"inner-block\"><span><span class=\"wpr-grid-extra-text-left\">~<\/span>A\u011fustos 26, 2024<\/span><\/div><\/div><div class=\"wpr-grid-item-excerpt elementor-repeater-item-90db554 wpr-grid-item-display-block wpr-grid-item-align-left\"><div class=\"inner-block\"><p>Coomeet Premium \u00dcyeli\u011fini \u0130ptal Etme Coomeet Premium \u00fcyeli\u011finizi iptal etmek i\u00e7in birka\u00e7 yol bulunmaktad\u0131r: Coomeet Platformu \u00dczerinden \u0130ptal: Hesap Ayarlar\u0131na Girin: Coomeet&hellip;<\/p><\/div><\/div><div class=\"wpr-grid-item-read-more elementor-repeater-item-8c69f4a wpr-grid-item-display-block wpr-grid-item-align-left\"><div class=\"inner-block\"><a target=\"_self\" href=\"https:\/\/coomeet.com.tr\/blog\/coomeet-premium-uyeligini-iptal-etme\/\" class=\"wpr-button-effect wpr-button-none\"><span>Read More<\/span><\/a><\/div><\/div><\/div><\/div><\/article><article class=\"wpr-grid-item elementor-clearfix post-881 post type-post status-publish format-standard has-post-thumbnail hentry category-yardim\"><div class=\"wpr-grid-item-inner\"><div class=\"wpr-grid-media-wrap wpr-blur-in wpr-effect-size-small \" data-overlay-link=\"yes\"><div class=\"wpr-grid-image-wrap\" data-src=\"https:\/\/coomeet.com.tr\/blog\/wp-content\/uploads\/2024\/08\/coomeet-premium.png\" data-img-on-hover=\"\"  data-src-secondary=\"https:\/\/coomeet.com.tr\/blog\/wp-content\/uploads\/2024\/08\/coomeet-premium.png\"><img decoding=\"async\" data-no-lazy=\"1\" src=\"https:\/\/coomeet.com.tr\/blog\/wp-content\/uploads\/2024\/08\/coomeet-premium.png\" alt=\"Coomeet Premium\" class=\"wpr-anim-timing-ease-default\" title=\"\"><\/div><div class=\"wpr-grid-media-hover wpr-animation-wrap\"><div class=\"wpr-grid-media-hover-bg  wpr-overlay-fade-in wpr-anim-size-large wpr-anim-timing-ease-default wpr-anim-transparency\" data-url=\"https:\/\/coomeet.com.tr\/blog\/coomeet-premium\/\"><\/div><div class=\"wpr-cv-container\"><div class=\"wpr-cv-outer\"><div class=\"wpr-cv-inner\"><div class=\"wpr-grid-media-hover-middle elementor-clearfix\"><div class=\"wpr-grid-item-comments elementor-repeater-item-4c6b081 wpr-grid-item-display-inline wpr-grid-item-align-center wpr-element-fade-in wpr-anim-size-large wpr-anim-timing-ease-default wpr-anim-transparency\"><div class=\"inner-block\"><a href=\"https:\/\/coomeet.com.tr\/blog\/coomeet-premium\/#respond\"><span class=\"wpr-grid-extra-icon-left\"><svg aria-hidden=\"true\" class=\"e-font-icon-svg e-fas-comments\" viewBox=\"0 0 576 512\" xmlns=\"http:\/\/www.w3.org\/2000\/svg\"><path d=\"M416 192c0-88.4-93.1-160-208-160S0 103.6 0 192c0 34.3 14.1 65.9 38 92-13.4 30.2-35.5 54.2-35.8 54.5-2.2 2.3-2.8 5.7-1.5 8.7S4.8 352 8 352c36.6 0 66.9-12.3 88.7-25 32.2 15.7 70.3 25 111.3 25 114.9 0 208-71.6 208-160zm122 220c23.9-26 38-57.7 38-92 0-66.9-53.5-124.2-129.3-148.1.9 6.6 1.3 13.3 1.3 20.1 0 105.9-107.7 192-240 192-10.8 0-21.3-.8-31.7-1.9C207.8 439.6 281.8 480 368 480c41 0 79.1-9.2 111.3-25 21.8 12.7 52.1 25 88.7 25 3.2 0 6.1-1.9 7.3-4.8 1.3-2.9.7-6.3-1.5-8.7-.3-.3-22.4-24.2-35.8-54.5z\"><\/path><\/svg><\/span><span>No Comments<\/span><\/a><\/div><\/div><\/div><\/div><\/div><\/div><\/div><\/div><div class=\"wpr-grid-item-below-content elementor-clearfix\"><h2 class=\"wpr-grid-item-title elementor-repeater-item-3a17c93 wpr-grid-item-display-block wpr-grid-item-align-left wpr-pointer-none wpr-pointer-line-fx wpr-pointer-fx-fade\"><div class=\"inner-block\"><a target=\"_self\"  href=\"https:\/\/coomeet.com.tr\/blog\/coomeet-premium\/\">Coomeet Premium<\/a><\/div><\/h2><div class=\"wpr-grid-item-author elementor-repeater-item-7c05650 wpr-grid-item-display-inline wpr-grid-item-align-left\"><div class=\"inner-block\"><span class=\"wpr-grid-extra-text-left\">By <\/span><a href=\"https:\/\/coomeet.com.tr\/blog\/author\/admin\/\"><span>admin<\/span><\/a><\/div><\/div><div class=\"wpr-grid-item-date elementor-repeater-item-0e825a9 wpr-grid-item-display-inline wpr-grid-item-align-left\"><div class=\"inner-block\"><span><span class=\"wpr-grid-extra-text-left\">~<\/span>A\u011fustos 24, 2024<\/span><\/div><\/div><div class=\"wpr-grid-item-excerpt elementor-repeater-item-90db554 wpr-grid-item-display-block wpr-grid-item-align-left\"><div class=\"inner-block\"><p>Coomeet Premium Nedir? Coomeet, d\u00fcnya genelinde milyonlarca kullan\u0131c\u0131s\u0131 olan pop\u00fcler bir video sohbet platformudur. Coomeet Premium, platformun \u00fccretsiz s\u00fcr\u00fcm\u00fcne g\u00f6re daha fazla&hellip;<\/p><\/div><\/div><div class=\"wpr-grid-item-read-more elementor-repeater-item-8c69f4a wpr-grid-item-display-block wpr-grid-item-align-left\"><div class=\"inner-block\"><a target=\"_self\" href=\"https:\/\/coomeet.com.tr\/blog\/coomeet-premium\/\" class=\"wpr-button-effect wpr-button-none\"><span>Read More<\/span><\/a><\/div><\/div><\/div><\/div><\/article><\/section>\t\t<\/div>\n\t\t\t\t<\/div>\n\t\t\t\t\t<\/div>\n\t\t\t\t<\/div>\n\t\t\t\t<\/div>\n\t\t","protected":false},"excerpt":{"rendered":"<p>Popular Articles As a passionate explorer of the intersection between technology, art, and the natural world, I&#8217;ve embarked on a journey to unravel the fascinating connections that weave our world together. All Posts AIArt EcoStyle Nature Bytes Uncategorized VogueTech WildTech 2&nbsp;Comments The Fusion of Art and Tech: Exploring the&hellip; By Hellen~January 5, 2024 Case read they must it of cold that. Speaking trifling an to unpacked moderate debating learning. An particular contrasted he excellence favourable&hellip; Read More 1&nbsp;Comment Nature\u2019s Influence on Cutting-Edge Technology: A Symbiotic By Hellen~January 5, 2024 Case read they must it of cold that. Speaking trifling an to unpacked moderate debating learning. An particular contrasted he excellence favourable&hellip; Read More 2&nbsp;Comments Fashion Forward: How AI is Revolutionizing the Style&hellip; By Hellen~January 5, 2024 Case read they must it of cold that. Speaking trifling an to unpacked moderate debating learning. An particular contrasted he excellence favourable&hellip; Read More 2&nbsp;Comments The Art of Code: Unveiling the Aesthetics of&hellip; By Hellen~January 5, 2024 Case read they must it of cold that. Speaking trifling an to unpacked moderate debating learning. An particular contrasted he excellence favourable&hellip; Read More 2&nbsp;Comments Sustainable Tech: Balancing Innovation and Environmental By Hellen~January 5, 2024 Case read they must it of cold that. Speaking trifling an to unpacked moderate debating learning. An particular contrasted he excellence favourable&hellip; Read More 3&nbsp;Comments From Pixels to Paintbrushes: The Intersection of Art&hellip; By Hellen~January 5, 2024 Case read they must it of cold that. Speaking trifling an to unpacked moderate debating learning. An particular contrasted he excellence favourable&hellip; Read More Load More End of Content.<\/p>\n","protected":false},"author":1,"featured_media":0,"parent":0,"menu_order":0,"comment_status":"closed","ping_status":"closed","template":"elementor_canvas","meta":{"footnotes":""},"class_list":["post-180","page","type-page","status-publish","hentry"],"_links":{"self":[{"href":"https:\/\/coomeet.com.tr\/blog\/wp-json\/wp\/v2\/pages\/180","targetHints":{"allow":["GET"]}}],"collection":[{"href":"https:\/\/coomeet.com.tr\/blog\/wp-json\/wp\/v2\/pages"}],"about":[{"href":"https:\/\/coomeet.com.tr\/blog\/wp-json\/wp\/v2\/types\/page"}],"author":[{"embeddable":true,"href":"https:\/\/coomeet.com.tr\/blog\/wp-json\/wp\/v2\/users\/1"}],"replies":[{"embeddable":true,"href":"https:\/\/coomeet.com.tr\/blog\/wp-json\/wp\/v2\/comments?post=180"}],"version-history":[{"count":0,"href":"https:\/\/coomeet.com.tr\/blog\/wp-json\/wp\/v2\/pages\/180\/revisions"}],"wp:attachment":[{"href":"https:\/\/coomeet.com.tr\/blog\/wp-json\/wp\/v2\/media?parent=180"}],"curies":[{"name":"wp","href":"https:\/\/api.w.org\/{rel}","templated":true}]}}